{"id":1496,"date":"2024-09-10T15:43:30","date_gmt":"2024-09-10T13:43:30","guid":{"rendered":"https:\/\/ouria.fr\/?page_id=1496"},"modified":"2024-12-06T08:24:57","modified_gmt":"2024-12-06T07:24:57","slug":"nos-vehicules","status":"publish","type":"page","link":"https:\/\/ouria.fr\/index.php\/nos-vehicules\/","title":{"rendered":"Nos V\u00e9hicules"},"content":{"rendered":"\t\t<div data-elementor-type=\"wp-page\" data-elementor-id=\"1496\" class=\"elementor elementor-1496\">\n\t\t\t\t<div class=\"elementor-element elementor-element-5210039 e-flex e-con-boxed e-con e-parent\" data-id=\"5210039\" data-element_type=\"container\" data-e-type=\"container\" data-settings=\"{&quot;background_background&quot;:&quot;classic&quot;}\">\n\t\t\t\t\t<div class=\"e-con-inner\">\n\t\t<div class=\"elementor-element elementor-element-b6eb674 e-con-full e-flex elementor-invisible e-con e-child\" data-id=\"b6eb674\" data-element_type=\"container\" data-e-type=\"container\" data-settings=\"{&quot;animation&quot;:&quot;fadeInDown&quot;}\">\n\t\t\t\t<div class=\"elementor-element elementor-element-a9bb96e elementor-widget elementor-widget-image\" data-id=\"a9bb96e\" data-element_type=\"widget\" data-e-type=\"widget\" data-widget_type=\"image.default\">\n\t\t\t\t<div class=\"elementor-widget-container\">\n\t\t\t\t\t\t\t\t\t\t\t\t\t\t\t<img fetchpriority=\"high\" decoding=\"async\" width=\"650\" height=\"1300\" src=\"https:\/\/ouria.fr\/wp-content\/uploads\/2023\/11\/berline-mercedes-affaire--650x1300.jpg\" class=\"attachment-qi_addons_for_elementor_image_size_portrait size-qi_addons_for_elementor_image_size_portrait wp-image-1937\" alt=\"\" \/>\t\t\t\t\t\t\t\t\t\t\t\t\t\t\t<\/div>\n\t\t\t\t<\/div>\n\t\t\t\t<div class=\"elementor-element elementor-element-ab72e2a elementor-widget elementor-widget-heading\" data-id=\"ab72e2a\" data-element_type=\"widget\" data-e-type=\"widget\" data-widget_type=\"heading.default\">\n\t\t\t\t<div class=\"elementor-widget-container\">\n\t\t\t\t\t<h2 class=\"elementor-heading-title elementor-size-default\">Berline<\/h2>\t\t\t\t<\/div>\n\t\t\t\t<\/div>\n\t\t\t\t<div class=\"elementor-element elementor-element-d18b2c0 elementor-widget elementor-widget-text-editor\" data-id=\"d18b2c0\" data-element_type=\"widget\" data-e-type=\"widget\" data-widget_type=\"text-editor.default\">\n\t\t\t\t<div class=\"elementor-widget-container\">\n\t\t\t\t\t\t\t\t\t<ul><li><em><strong>Capacit\u00e9<\/strong><\/em> : 4 places<\/li><li><em><strong>Confort<\/strong><\/em> \u00e9l\u00e9gant pour les d\u00e9placements en ville ou les trajets courts<\/li><li><strong>Tarif abordable<\/strong> pour un service de luxe<\/li><li>Parfaite pour les <strong>petits groupes<\/strong> ou les <strong>couples<\/strong><\/li><\/ul>\t\t\t\t\t\t\t\t<\/div>\n\t\t\t\t<\/div>\n\t\t\t\t<\/div>\n\t\t<div class=\"elementor-element elementor-element-d1aa266 e-con-full e-flex elementor-invisible e-con e-child\" data-id=\"d1aa266\" data-element_type=\"container\" data-e-type=\"container\" data-settings=\"{&quot;animation&quot;:&quot;fadeInUp&quot;}\">\n\t\t\t\t<div class=\"elementor-element elementor-element-bf7da70 elementor-widget elementor-widget-image\" data-id=\"bf7da70\" data-element_type=\"widget\" data-e-type=\"widget\" data-widget_type=\"image.default\">\n\t\t\t\t<div class=\"elementor-widget-container\">\n\t\t\t\t\t\t\t\t\t\t\t\t\t\t\t<img decoding=\"async\" width=\"650\" height=\"1300\" src=\"https:\/\/ouria.fr\/wp-content\/uploads\/2023\/11\/Van-8-places-mercedes-classe-C-luxe-650x1300.jpg\" class=\"attachment-qi_addons_for_elementor_image_size_portrait size-qi_addons_for_elementor_image_size_portrait wp-image-1936\" alt=\"\" \/>\t\t\t\t\t\t\t\t\t\t\t\t\t\t\t<\/div>\n\t\t\t\t<\/div>\n\t\t\t\t<div class=\"elementor-element elementor-element-d8af7ab elementor-widget elementor-widget-heading\" data-id=\"d8af7ab\" data-element_type=\"widget\" data-e-type=\"widget\" data-widget_type=\"heading.default\">\n\t\t\t\t<div class=\"elementor-widget-container\">\n\t\t\t\t\t<h2 class=\"elementor-heading-title elementor-size-default\">Berline <br>Affaire<\/h2>\t\t\t\t<\/div>\n\t\t\t\t<\/div>\n\t\t<div class=\"elementor-element elementor-element-2ea4cfb e-con-full e-flex e-con e-child\" data-id=\"2ea4cfb\" data-element_type=\"container\" data-e-type=\"container\">\n\t\t\t\t<div class=\"elementor-element elementor-element-a8ad3dc elementor-widget elementor-widget-text-editor\" data-id=\"a8ad3dc\" data-element_type=\"widget\" data-e-type=\"widget\" data-widget_type=\"text-editor.default\">\n\t\t\t\t<div class=\"elementor-widget-container\">\n\t\t\t\t\t\t\t\t\t<ul><li><em><strong>Capacit\u00e9<\/strong> <\/em>: 3 places<\/li><li>Plus <strong>spacieuse<\/strong> et confortable que la berline standard<\/li><li>Design raffin\u00e9, id\u00e9al pour les voyages d\u2019affaires<\/li><li>L\u00e9g\u00e8rement plus ch\u00e8re que la berline classique, avec un <strong>service haut de gamme<\/strong><\/li><\/ul>\t\t\t\t\t\t\t\t<\/div>\n\t\t\t\t<\/div>\n\t\t\t\t<\/div>\n\t\t\t\t<\/div>\n\t\t<div class=\"elementor-element elementor-element-d08d1b6 e-con-full e-flex elementor-invisible e-con e-child\" data-id=\"d08d1b6\" data-element_type=\"container\" data-e-type=\"container\" data-settings=\"{&quot;animation&quot;:&quot;fadeInDown&quot;,&quot;background_background&quot;:&quot;classic&quot;}\">\n\t\t\t\t<div class=\"elementor-element elementor-element-4d56cbe elementor-widget elementor-widget-image\" data-id=\"4d56cbe\" data-element_type=\"widget\" data-e-type=\"widget\" data-widget_type=\"image.default\">\n\t\t\t\t<div class=\"elementor-widget-container\">\n\t\t\t\t\t\t\t\t\t\t\t\t\t\t\t<img decoding=\"async\" width=\"650\" height=\"1300\" src=\"https:\/\/ouria.fr\/wp-content\/uploads\/2023\/11\/van-Classe-V-blanc-eco-mercedes--650x1300.jpg\" class=\"attachment-qi_addons_for_elementor_image_size_portrait size-qi_addons_for_elementor_image_size_portrait wp-image-1939\" alt=\"\" \/>\t\t\t\t\t\t\t\t\t\t\t\t\t\t\t<\/div>\n\t\t\t\t<\/div>\n\t\t\t\t<div class=\"elementor-element elementor-element-c9f4cda elementor-widget elementor-widget-heading\" data-id=\"c9f4cda\" data-element_type=\"widget\" data-e-type=\"widget\" data-widget_type=\"heading.default\">\n\t\t\t\t<div class=\"elementor-widget-container\">\n\t\t\t\t\t<h2 class=\"elementor-heading-title elementor-size-default\">Van Classe V<br>Eco<\/h2>\t\t\t\t<\/div>\n\t\t\t\t<\/div>\n\t\t\t\t<div class=\"elementor-element elementor-element-da67e68 elementor-widget elementor-widget-text-editor\" data-id=\"da67e68\" data-element_type=\"widget\" data-e-type=\"widget\" data-widget_type=\"text-editor.default\">\n\t\t\t\t<div class=\"elementor-widget-container\">\n\t\t\t\t\t\t\t\t\t<ul>\n<li><strong>Capacit\u00e9<\/strong> : 8 places<\/li>\n<li>Convient aux familles ou groupes plus grands<\/li>\n<li>Plus spacieux que les berlines, parfait pour les longs trajets<\/li>\n<li>Un bon compromis entre le luxe et le prix par rapport au van de 8 places<\/li>\n<\/ul>\t\t\t\t\t\t\t\t<\/div>\n\t\t\t\t<\/div>\n\t\t\t\t<\/div>\n\t\t<div class=\"elementor-element elementor-element-ad99ef5 e-con-full e-flex elementor-invisible e-con e-child\" data-id=\"ad99ef5\" data-element_type=\"container\" data-e-type=\"container\" data-settings=\"{&quot;animation&quot;:&quot;fadeInUp&quot;}\">\n\t\t\t\t<div class=\"elementor-element elementor-element-f848f8c elementor-widget elementor-widget-image\" data-id=\"f848f8c\" data-element_type=\"widget\" data-e-type=\"widget\" data-widget_type=\"image.default\">\n\t\t\t\t<div class=\"elementor-widget-container\">\n\t\t\t\t\t\t\t\t\t\t\t\t\t\t\t<img loading=\"lazy\" decoding=\"async\" width=\"650\" height=\"1300\" src=\"https:\/\/ouria.fr\/wp-content\/uploads\/2023\/11\/Van-mercedes-classe-V-luxe-1-650x1300.jpg\" class=\"attachment-qi_addons_for_elementor_image_size_portrait size-qi_addons_for_elementor_image_size_portrait wp-image-1938\" alt=\"\" \/>\t\t\t\t\t\t\t\t\t\t\t\t\t\t\t<\/div>\n\t\t\t\t<\/div>\n\t\t\t\t<div class=\"elementor-element elementor-element-4f1f9d7 elementor-widget elementor-widget-heading\" data-id=\"4f1f9d7\" data-element_type=\"widget\" data-e-type=\"widget\" data-widget_type=\"heading.default\">\n\t\t\t\t<div class=\"elementor-widget-container\">\n\t\t\t\t\t<h2 class=\"elementor-heading-title elementor-size-default\">Van Classe V<br>Luxe<\/h2>\t\t\t\t<\/div>\n\t\t\t\t<\/div>\n\t\t\t\t<div class=\"elementor-element elementor-element-5eef39b elementor-widget elementor-widget-text-editor\" data-id=\"5eef39b\" data-element_type=\"widget\" data-e-type=\"widget\" data-widget_type=\"text-editor.default\">\n\t\t\t\t<div class=\"elementor-widget-container\">\n\t\t\t\t\t\t\t\t\t<ul><li><strong>Capacit\u00e9<\/strong> : 7 places<\/li><li>Le mod\u00e8le le plus luxueux avec un espace int\u00e9rieur g\u00e9n\u00e9reux<\/li><li>Id\u00e9al pour les d\u00e9placements en groupe avec un confort maximal<\/li><li>Le plus cher de la gamme, avec des prestations haut de gamme<\/li><\/ul>\t\t\t\t\t\t\t\t<\/div>\n\t\t\t\t<\/div>\n\t\t\t\t<\/div>\n\t\t\t\t\t<\/div>\n\t\t\t\t<\/div>\n\t\t<div class=\"elementor-element elementor-element-7268807 e-flex e-con-boxed e-con e-parent\" data-id=\"7268807\" data-element_type=\"container\" data-e-type=\"container\" data-settings=\"{&quot;background_background&quot;:&quot;classic&quot;}\">\n\t\t\t\t\t<div class=\"e-con-inner\">\n\t\t<div class=\"elementor-element elementor-element-5fc5674 e-con-full e-flex e-con e-child\" data-id=\"5fc5674\" data-element_type=\"container\" data-e-type=\"container\">\n\t\t\t\t<div class=\"elementor-element elementor-element-fa42ff7 elementor-align-center elementor-widget elementor-widget-button\" data-id=\"fa42ff7\" data-element_type=\"widget\" data-e-type=\"widget\" data-widget_type=\"button.default\">\n\t\t\t\t<div class=\"elementor-widget-container\">\n\t\t\t\t\t\t\t\t\t<div class=\"elementor-button-wrapper\">\n\t\t\t\t\t<a class=\"elementor-button elementor-button-link elementor-size-sm\" href=\"https:\/\/ouria.fr\/index.php\/reservation\/\">\n\t\t\t\t\t\t<span class=\"elementor-button-content-wrapper\">\n\t\t\t\t\t\t\t\t\t<span class=\"elementor-button-text\">R\u00e9server<\/span>\n\t\t\t\t\t<\/span>\n\t\t\t\t\t<\/a>\n\t\t\t\t<\/div>\n\t\t\t\t\t\t\t\t<\/div>\n\t\t\t\t<\/div>\n\t\t\t\t<\/div>\n\t\t\t\t\t<\/div>\n\t\t\t\t<\/div>\n\t\t<div class=\"elementor-element elementor-element-2df8144 e-flex e-con-boxed e-con e-parent\" data-id=\"2df8144\" data-element_type=\"container\" data-e-type=\"container\" data-settings=\"{&quot;background_background&quot;:&quot;classic&quot;}\">\n\t\t\t\t\t<div class=\"e-con-inner\">\n\t\t\t\t<div class=\"elementor-element elementor-element-b7fe06d elementor-widget-divider--view-line elementor-widget elementor-widget-divider\" data-id=\"b7fe06d\" data-element_type=\"widget\" data-e-type=\"widget\" data-widget_type=\"divider.default\">\n\t\t\t\t<div class=\"elementor-widget-container\">\n\t\t\t\t\t\t\t<div class=\"elementor-divider\">\n\t\t\t<span class=\"elementor-divider-separator\">\n\t\t\t\t\t\t<\/span>\n\t\t<\/div>\n\t\t\t\t\t\t<\/div>\n\t\t\t\t<\/div>\n\t\t\t\t\t<\/div>\n\t\t\t\t<\/div>\n\t\t\t\t<\/div>\n\t\t","protected":false},"excerpt":{"rendered":"<p>Berline Capacit\u00e9 : 4 places Confort \u00e9l\u00e9gant pour les d\u00e9placements en ville ou les trajets courts Tarif abordable pour un service de luxe Parfaite pour les petits groupes ou les couples Berline Affaire Capacit\u00e9 : 3 places Plus spacieuse et confortable que la berline standard Design raffin\u00e9, id\u00e9al pour les voyages d\u2019affaires L\u00e9g\u00e8rement plus ch\u00e8re [&hellip;]<\/p>\n","protected":false},"author":1,"featured_media":0,"parent":0,"menu_order":0,"comment_status":"closed","ping_status":"closed","template":"","meta":{"site-sidebar-layout":"no-sidebar","site-content-layout":"page-builder","ast-site-content-layout":"full-width-container","site-content-style":"default","site-sidebar-style":"default","ast-global-header-display":"","ast-banner-title-visibility":"","ast-main-header-display":"","ast-hfb-above-header-display":"","ast-hfb-below-header-display":"","ast-hfb-mobile-header-display":"","site-post-title":"disabled","ast-breadcrumbs-content":"","ast-featured-img":"disabled","footer-sml-layout":"","theme-transparent-header-meta":"","adv-header-id-meta":"","stick-header-meta":"","header-above-stick-meta":"","header-main-stick-meta":"","header-below-stick-meta":"","astra-migrate-meta-layouts":"set","ast-page-background-enabled":"default","ast-page-background-meta":{"desktop":{"background-color":"","background-image":"","background-repeat":"repeat","background-position":"center center","background-size":"auto","background-attachment":"scroll","background-type":"","background-media":"","overlay-type":"","overlay-color":"","overlay-opacity":"","overlay-gradient":""},"tablet":{"background-color":"","background-image":"","background-repeat":"repeat","background-position":"center center","background-size":"auto","background-attachment":"scroll","background-type":"","background-media":"","overlay-type":"","overlay-color":"","overlay-opacity":"","overlay-gradient":""},"mobile":{"background-color":"","background-image":"","background-repeat":"repeat","background-position":"center center","background-size":"auto","background-attachment":"scroll","background-type":"","background-media":"","overlay-type":"","overlay-color":"","overlay-opacity":"","overlay-gradient":""}},"ast-content-background-meta":{"desktop":{"background-color":"var(--ast-global-color-5)","background-image":"","background-repeat":"repeat","background-position":"center center","background-size":"auto","background-attachment":"scroll","background-type":"","background-media":"","overlay-type":"","overlay-color":"","overlay-opacity":"","overlay-gradient":""},"tablet":{"background-color":"var(--ast-global-color-5)","background-image":"","background-repeat":"repeat","background-position":"center center","background-size":"auto","background-attachment":"scroll","background-type":"","background-media":"","overlay-type":"","overlay-color":"","overlay-opacity":"","overlay-gradient":""},"mobile":{"background-color":"var(--ast-global-color-5)","background-image":"","background-repeat":"repeat","background-position":"center center","background-size":"auto","background-attachment":"scroll","background-type":"","background-media":"","overlay-type":"","overlay-color":"","overlay-opacity":"","overlay-gradient":""}},"footnotes":""},"class_list":["post-1496","page","type-page","status-publish","hentry"],"yoast_head":"<!-- This site is optimized with the Yoast SEO plugin v26.8 - https:\/\/yoast.com\/product\/yoast-seo-wordpress\/ -->\n<title>Nos V\u00e9hicules VTC \u00e0 Marseille - OuriaVTC<\/title>\n<meta name=\"description\" content=\"D\u00e9couvrez notre flotte de v\u00e9hicules VTC \u00e0 Marseille : berlines, vans et voitures de luxe pour vos trajets en toute s\u00e9r\u00e9nit\u00e9 et confort.\" \/>\n<meta name=\"robots\" content=\"index, follow, max-snippet:-1, max-image-preview:large, max-video-preview:-1\" \/>\n<link rel=\"canonical\" href=\"https:\/\/ouria.fr\/index.php\/nos-vehicules\/\" \/>\n<meta property=\"og:locale\" content=\"fr_FR\" \/>\n<meta property=\"og:type\" content=\"article\" \/>\n<meta property=\"og:title\" content=\"Nos V\u00e9hicules VTC \u00e0 Marseille - OuriaVTC\" \/>\n<meta property=\"og:description\" content=\"D\u00e9couvrez notre flotte de v\u00e9hicules VTC \u00e0 Marseille : berlines, vans et voitures de luxe pour vos trajets en toute s\u00e9r\u00e9nit\u00e9 et confort.\" \/>\n<meta property=\"og:url\" content=\"https:\/\/ouria.fr\/index.php\/nos-vehicules\/\" \/>\n<meta property=\"og:site_name\" content=\"Ouria VTC : Votre Chauffeur Priv\u00e9 \u00e0 Marseille et Environs\" \/>\n<meta property=\"article:modified_time\" content=\"2024-12-06T07:24:57+00:00\" \/>\n<meta property=\"og:image\" content=\"https:\/\/ouria.fr\/wp-content\/uploads\/2023\/11\/berline-mercedes-affaire--650x1300.jpg\" \/>\n<meta name=\"twitter:card\" content=\"summary_large_image\" \/>\n<meta name=\"twitter:label1\" content=\"Dur\u00e9e de lecture estim\u00e9e\" \/>\n\t<meta name=\"twitter:data1\" content=\"2 minutes\" \/>\n<script type=\"application\/ld+json\" class=\"yoast-schema-graph\">{\"@context\":\"https:\/\/schema.org\",\"@graph\":[{\"@type\":\"WebPage\",\"@id\":\"https:\/\/ouria.fr\/index.php\/nos-vehicules\/\",\"url\":\"https:\/\/ouria.fr\/index.php\/nos-vehicules\/\",\"name\":\"Nos V\u00e9hicules VTC \u00e0 Marseille - OuriaVTC\",\"isPartOf\":{\"@id\":\"https:\/\/ouria.fr\/#website\"},\"primaryImageOfPage\":{\"@id\":\"https:\/\/ouria.fr\/index.php\/nos-vehicules\/#primaryimage\"},\"image\":{\"@id\":\"https:\/\/ouria.fr\/index.php\/nos-vehicules\/#primaryimage\"},\"thumbnailUrl\":\"https:\/\/ouria.fr\/wp-content\/uploads\/2023\/11\/berline-mercedes-affaire--650x1300.jpg\",\"datePublished\":\"2024-09-10T13:43:30+00:00\",\"dateModified\":\"2024-12-06T07:24:57+00:00\",\"description\":\"D\u00e9couvrez notre flotte de v\u00e9hicules VTC \u00e0 Marseille : berlines, vans et voitures de luxe pour vos trajets en toute s\u00e9r\u00e9nit\u00e9 et confort.\",\"breadcrumb\":{\"@id\":\"https:\/\/ouria.fr\/index.php\/nos-vehicules\/#breadcrumb\"},\"inLanguage\":\"fr-FR\",\"potentialAction\":[{\"@type\":\"ReadAction\",\"target\":[\"https:\/\/ouria.fr\/index.php\/nos-vehicules\/\"]}]},{\"@type\":\"ImageObject\",\"inLanguage\":\"fr-FR\",\"@id\":\"https:\/\/ouria.fr\/index.php\/nos-vehicules\/#primaryimage\",\"url\":\"https:\/\/ouria.fr\/wp-content\/uploads\/2023\/11\/berline-mercedes-affaire-.jpg\",\"contentUrl\":\"https:\/\/ouria.fr\/wp-content\/uploads\/2023\/11\/berline-mercedes-affaire-.jpg\",\"width\":2048,\"height\":2048,\"caption\":\"Berline\"},{\"@type\":\"BreadcrumbList\",\"@id\":\"https:\/\/ouria.fr\/index.php\/nos-vehicules\/#breadcrumb\",\"itemListElement\":[{\"@type\":\"ListItem\",\"position\":1,\"name\":\"Accueil\",\"item\":\"https:\/\/ouria.fr\/\"},{\"@type\":\"ListItem\",\"position\":2,\"name\":\"Nos V\u00e9hicules\"}]},{\"@type\":\"WebSite\",\"@id\":\"https:\/\/ouria.fr\/#website\",\"url\":\"https:\/\/ouria.fr\/\",\"name\":\"OuriaVTC\",\"description\":\"Voyagez avec OuriaVTC \u2013 Confort et \u00e9l\u00e9gance \u00e0 chaque trajet.\",\"publisher\":{\"@id\":\"https:\/\/ouria.fr\/#organization\"},\"potentialAction\":[{\"@type\":\"SearchAction\",\"target\":{\"@type\":\"EntryPoint\",\"urlTemplate\":\"https:\/\/ouria.fr\/?s={search_term_string}\"},\"query-input\":{\"@type\":\"PropertyValueSpecification\",\"valueRequired\":true,\"valueName\":\"search_term_string\"}}],\"inLanguage\":\"fr-FR\"},{\"@type\":\"Organization\",\"@id\":\"https:\/\/ouria.fr\/#organization\",\"name\":\"Ouria VTC\",\"url\":\"https:\/\/ouria.fr\/\",\"logo\":{\"@type\":\"ImageObject\",\"inLanguage\":\"fr-FR\",\"@id\":\"https:\/\/ouria.fr\/#\/schema\/logo\/image\/\",\"url\":\"https:\/\/ouria.fr\/wp-content\/uploads\/2023\/11\/Votre-texte-de-paragraphe.png\",\"contentUrl\":\"https:\/\/ouria.fr\/wp-content\/uploads\/2023\/11\/Votre-texte-de-paragraphe.png\",\"width\":500,\"height\":500,\"caption\":\"Ouria VTC\"},\"image\":{\"@id\":\"https:\/\/ouria.fr\/#\/schema\/logo\/image\/\"}}]}<\/script>\n<!-- \/ Yoast SEO plugin. -->","yoast_head_json":{"title":"Nos V\u00e9hicules VTC \u00e0 Marseille - OuriaVTC","description":"D\u00e9couvrez notre flotte de v\u00e9hicules VTC \u00e0 Marseille : berlines, vans et voitures de luxe pour vos trajets en toute s\u00e9r\u00e9nit\u00e9 et confort.","robots":{"index":"index","follow":"follow","max-snippet":"max-snippet:-1","max-image-preview":"max-image-preview:large","max-video-preview":"max-video-preview:-1"},"canonical":"https:\/\/ouria.fr\/index.php\/nos-vehicules\/","og_locale":"fr_FR","og_type":"article","og_title":"Nos V\u00e9hicules VTC \u00e0 Marseille - OuriaVTC","og_description":"D\u00e9couvrez notre flotte de v\u00e9hicules VTC \u00e0 Marseille : berlines, vans et voitures de luxe pour vos trajets en toute s\u00e9r\u00e9nit\u00e9 et confort.","og_url":"https:\/\/ouria.fr\/index.php\/nos-vehicules\/","og_site_name":"Ouria VTC : Votre Chauffeur Priv\u00e9 \u00e0 Marseille et Environs","article_modified_time":"2024-12-06T07:24:57+00:00","og_image":[{"url":"https:\/\/ouria.fr\/wp-content\/uploads\/2023\/11\/berline-mercedes-affaire--650x1300.jpg","type":"","width":"","height":""}],"twitter_card":"summary_large_image","twitter_misc":{"Dur\u00e9e de lecture estim\u00e9e":"2 minutes"},"schema":{"@context":"https:\/\/schema.org","@graph":[{"@type":"WebPage","@id":"https:\/\/ouria.fr\/index.php\/nos-vehicules\/","url":"https:\/\/ouria.fr\/index.php\/nos-vehicules\/","name":"Nos V\u00e9hicules VTC \u00e0 Marseille - OuriaVTC","isPartOf":{"@id":"https:\/\/ouria.fr\/#website"},"primaryImageOfPage":{"@id":"https:\/\/ouria.fr\/index.php\/nos-vehicules\/#primaryimage"},"image":{"@id":"https:\/\/ouria.fr\/index.php\/nos-vehicules\/#primaryimage"},"thumbnailUrl":"https:\/\/ouria.fr\/wp-content\/uploads\/2023\/11\/berline-mercedes-affaire--650x1300.jpg","datePublished":"2024-09-10T13:43:30+00:00","dateModified":"2024-12-06T07:24:57+00:00","description":"D\u00e9couvrez notre flotte de v\u00e9hicules VTC \u00e0 Marseille : berlines, vans et voitures de luxe pour vos trajets en toute s\u00e9r\u00e9nit\u00e9 et confort.","breadcrumb":{"@id":"https:\/\/ouria.fr\/index.php\/nos-vehicules\/#breadcrumb"},"inLanguage":"fr-FR","potentialAction":[{"@type":"ReadAction","target":["https:\/\/ouria.fr\/index.php\/nos-vehicules\/"]}]},{"@type":"ImageObject","inLanguage":"fr-FR","@id":"https:\/\/ouria.fr\/index.php\/nos-vehicules\/#primaryimage","url":"https:\/\/ouria.fr\/wp-content\/uploads\/2023\/11\/berline-mercedes-affaire-.jpg","contentUrl":"https:\/\/ouria.fr\/wp-content\/uploads\/2023\/11\/berline-mercedes-affaire-.jpg","width":2048,"height":2048,"caption":"Berline"},{"@type":"BreadcrumbList","@id":"https:\/\/ouria.fr\/index.php\/nos-vehicules\/#breadcrumb","itemListElement":[{"@type":"ListItem","position":1,"name":"Accueil","item":"https:\/\/ouria.fr\/"},{"@type":"ListItem","position":2,"name":"Nos V\u00e9hicules"}]},{"@type":"WebSite","@id":"https:\/\/ouria.fr\/#website","url":"https:\/\/ouria.fr\/","name":"OuriaVTC","description":"Voyagez avec OuriaVTC \u2013 Confort et \u00e9l\u00e9gance \u00e0 chaque trajet.","publisher":{"@id":"https:\/\/ouria.fr\/#organization"},"potentialAction":[{"@type":"SearchAction","target":{"@type":"EntryPoint","urlTemplate":"https:\/\/ouria.fr\/?s={search_term_string}"},"query-input":{"@type":"PropertyValueSpecification","valueRequired":true,"valueName":"search_term_string"}}],"inLanguage":"fr-FR"},{"@type":"Organization","@id":"https:\/\/ouria.fr\/#organization","name":"Ouria VTC","url":"https:\/\/ouria.fr\/","logo":{"@type":"ImageObject","inLanguage":"fr-FR","@id":"https:\/\/ouria.fr\/#\/schema\/logo\/image\/","url":"https:\/\/ouria.fr\/wp-content\/uploads\/2023\/11\/Votre-texte-de-paragraphe.png","contentUrl":"https:\/\/ouria.fr\/wp-content\/uploads\/2023\/11\/Votre-texte-de-paragraphe.png","width":500,"height":500,"caption":"Ouria VTC"},"image":{"@id":"https:\/\/ouria.fr\/#\/schema\/logo\/image\/"}}]}},"_links":{"self":[{"href":"https:\/\/ouria.fr\/index.php\/wp-json\/wp\/v2\/pages\/1496","targetHints":{"allow":["GET"]}}],"collection":[{"href":"https:\/\/ouria.fr\/index.php\/wp-json\/wp\/v2\/pages"}],"about":[{"href":"https:\/\/ouria.fr\/index.php\/wp-json\/wp\/v2\/types\/page"}],"author":[{"embeddable":true,"href":"https:\/\/ouria.fr\/index.php\/wp-json\/wp\/v2\/users\/1"}],"replies":[{"embeddable":true,"href":"https:\/\/ouria.fr\/index.php\/wp-json\/wp\/v2\/comments?post=1496"}],"version-history":[{"count":112,"href":"https:\/\/ouria.fr\/index.php\/wp-json\/wp\/v2\/pages\/1496\/revisions"}],"predecessor-version":[{"id":2859,"href":"https:\/\/ouria.fr\/index.php\/wp-json\/wp\/v2\/pages\/1496\/revisions\/2859"}],"wp:attachment":[{"href":"https:\/\/ouria.fr\/index.php\/wp-json\/wp\/v2\/media?parent=1496"}],"curies":[{"name":"wp","href":"https:\/\/api.w.org\/{rel}","templated":true}]}}