{"id":2063,"date":"2024-09-16T22:39:09","date_gmt":"2024-09-16T20:39:09","guid":{"rendered":"https:\/\/ouria.fr\/?page_id=2063"},"modified":"2024-12-06T08:14:47","modified_gmt":"2024-12-06T07:14:47","slug":"circuits_touristiques","status":"publish","type":"page","link":"https:\/\/ouria.fr\/index.php\/circuits_touristiques\/","title":{"rendered":"Circuits touristique"},"content":{"rendered":"\t\t<div data-elementor-type=\"wp-page\" data-elementor-id=\"2063\" class=\"elementor elementor-2063\">\n\t\t\t\t<div class=\"elementor-element elementor-element-2f4fee3 e-flex e-con-boxed e-con e-parent\" data-id=\"2f4fee3\" data-element_type=\"container\" data-e-type=\"container\" data-settings=\"{&quot;background_background&quot;:&quot;gradient&quot;}\">\n\t\t\t\t\t<div class=\"e-con-inner\">\n\t\t\t\t\t<\/div>\n\t\t\t\t<\/div>\n\t\t<div class=\"elementor-element elementor-element-4205ab1 e-con-full e-flex e-con e-parent\" data-id=\"4205ab1\" data-element_type=\"container\" data-e-type=\"container\" data-settings=\"{&quot;background_background&quot;:&quot;gradient&quot;}\">\n\t\t<div class=\"elementor-element elementor-element-1550de3 e-flex e-con-boxed e-con e-child\" data-id=\"1550de3\" data-element_type=\"container\" data-e-type=\"container\">\n\t\t\t\t\t<div class=\"e-con-inner\">\n\t\t\t\t<div class=\"elementor-element elementor-element-58fd5e2 elementor-widget elementor-widget-heading\" data-id=\"58fd5e2\" data-element_type=\"widget\" data-e-type=\"widget\" data-widget_type=\"heading.default\">\n\t\t\t\t<div class=\"elementor-widget-container\">\n\t\t\t\t\t<h2 class=\"elementor-heading-title elementor-size-default\">Itin\u00e9raires Personnalis\u00e9s\n<\/h2>\t\t\t\t<\/div>\n\t\t\t\t<\/div>\n\t\t<div class=\"elementor-element elementor-element-46acb16 e-con-full e-flex e-con e-child\" data-id=\"46acb16\" data-element_type=\"container\" data-e-type=\"container\">\n\t\t<div class=\"elementor-element elementor-element-c114f90 e-grid e-con-full e-con e-child\" data-id=\"c114f90\" data-element_type=\"container\" data-e-type=\"container\">\n\t\t\t\t<div class=\"elementor-element elementor-element-c455698 elementor-widget elementor-widget-text-editor\" data-id=\"c455698\" data-element_type=\"widget\" data-e-type=\"widget\" data-widget_type=\"text-editor.default\">\n\t\t\t\t<div class=\"elementor-widget-container\">\n\t\t\t\t\t\t\t\t\t<p>Profitez de circuits sur mesure pour d\u00e9couvrir les merveilles de Marseille et de la r\u00e9gion, des calanques \u00e0 la C\u00f4te d\u2019Azur. Nous vous proposons des trajets adapt\u00e9s \u00e0 vos envies, qu&rsquo;il s&rsquo;agisse de visites culturelles ou de moments de d\u00e9tente en bord de mer.<\/p>\t\t\t\t\t\t\t\t<\/div>\n\t\t\t\t<\/div>\n\t\t\t\t<div class=\"elementor-element elementor-element-908734a elementor-widget elementor-widget-image\" data-id=\"908734a\" data-element_type=\"widget\" data-e-type=\"widget\" data-widget_type=\"image.default\">\n\t\t\t\t<div class=\"elementor-widget-container\">\n\t\t\t\t\t\t\t\t\t\t\t\t\t\t\t<img fetchpriority=\"high\" decoding=\"async\" width=\"1024\" height=\"898\" src=\"https:\/\/ouria.fr\/wp-content\/uploads\/2024\/09\/Itineraires-voiture-Personnalises_-1024x898.png\" class=\"attachment-large size-large wp-image-2365\" alt=\"\" srcset=\"https:\/\/ouria.fr\/wp-content\/uploads\/2024\/09\/Itineraires-voiture-Personnalises_-1024x898.png 1024w, https:\/\/ouria.fr\/wp-content\/uploads\/2024\/09\/Itineraires-voiture-Personnalises_-300x263.png 300w, https:\/\/ouria.fr\/wp-content\/uploads\/2024\/09\/Itineraires-voiture-Personnalises_-768x674.png 768w, https:\/\/ouria.fr\/wp-content\/uploads\/2024\/09\/Itineraires-voiture-Personnalises_-1536x1347.png 1536w, https:\/\/ouria.fr\/wp-content\/uploads\/2024\/09\/Itineraires-voiture-Personnalises_-349x306.png 349w, https:\/\/ouria.fr\/wp-content\/uploads\/2024\/09\/Itineraires-voiture-Personnalises_-608x533.png 608w, https:\/\/ouria.fr\/wp-content\/uploads\/2024\/09\/Itineraires-voiture-Personnalises_.png 2048w\" sizes=\"(max-width: 1024px) 100vw, 1024px\" \/>\t\t\t\t\t\t\t\t\t\t\t\t\t\t\t<\/div>\n\t\t\t\t<\/div>\n\t\t\t\t<\/div>\n\t\t\t\t<div class=\"elementor-element elementor-element-667c3e5 elementor-widget elementor-widget-spacer\" data-id=\"667c3e5\" data-element_type=\"widget\" data-e-type=\"widget\" data-widget_type=\"spacer.default\">\n\t\t\t\t<div class=\"elementor-widget-container\">\n\t\t\t\t\t\t\t<div class=\"elementor-spacer\">\n\t\t\t<div class=\"elementor-spacer-inner\"><\/div>\n\t\t<\/div>\n\t\t\t\t\t\t<\/div>\n\t\t\t\t<\/div>\n\t\t\t\t<\/div>\n\t\t\t\t<div class=\"elementor-element elementor-element-e6c8de2 elementor-widget elementor-widget-heading\" data-id=\"e6c8de2\" data-element_type=\"widget\" data-e-type=\"widget\" data-widget_type=\"heading.default\">\n\t\t\t\t<div class=\"elementor-widget-container\">\n\t\t\t\t\t<h2 class=\"elementor-heading-title elementor-size-default\">V\u00e9hicules Confortables pour Explorer la R\u00e9gion\n<\/h2>\t\t\t\t<\/div>\n\t\t\t\t<\/div>\n\t\t<div class=\"elementor-element elementor-element-60f5de6 e-con-full e-flex e-con e-child\" data-id=\"60f5de6\" data-element_type=\"container\" data-e-type=\"container\">\n\t\t<div class=\"elementor-element elementor-element-a40c1c0 e-grid e-con-full e-con e-child\" data-id=\"a40c1c0\" data-element_type=\"container\" data-e-type=\"container\">\n\t\t\t\t<div class=\"elementor-element elementor-element-2c7546a elementor-widget elementor-widget-image\" data-id=\"2c7546a\" data-element_type=\"widget\" data-e-type=\"widget\" data-widget_type=\"image.default\">\n\t\t\t\t<div class=\"elementor-widget-container\">\n\t\t\t\t\t\t\t\t\t\t\t\t\t\t\t<img decoding=\"async\" width=\"1024\" height=\"955\" src=\"https:\/\/ouria.fr\/wp-content\/uploads\/2024\/09\/Vehicules-mercedes-Confortables-pour-Explorer-la-Region_-1024x955.png\" class=\"attachment-large size-large wp-image-2366\" alt=\"\" srcset=\"https:\/\/ouria.fr\/wp-content\/uploads\/2024\/09\/Vehicules-mercedes-Confortables-pour-Explorer-la-Region_-1024x955.png 1024w, https:\/\/ouria.fr\/wp-content\/uploads\/2024\/09\/Vehicules-mercedes-Confortables-pour-Explorer-la-Region_-300x280.png 300w, https:\/\/ouria.fr\/wp-content\/uploads\/2024\/09\/Vehicules-mercedes-Confortables-pour-Explorer-la-Region_-768x716.png 768w, https:\/\/ouria.fr\/wp-content\/uploads\/2024\/09\/Vehicules-mercedes-Confortables-pour-Explorer-la-Region_-1536x1433.png 1536w, https:\/\/ouria.fr\/wp-content\/uploads\/2024\/09\/Vehicules-mercedes-Confortables-pour-Explorer-la-Region_-328x306.png 328w, https:\/\/ouria.fr\/wp-content\/uploads\/2024\/09\/Vehicules-mercedes-Confortables-pour-Explorer-la-Region_-572x533.png 572w, https:\/\/ouria.fr\/wp-content\/uploads\/2024\/09\/Vehicules-mercedes-Confortables-pour-Explorer-la-Region_.png 2048w\" sizes=\"(max-width: 1024px) 100vw, 1024px\" \/>\t\t\t\t\t\t\t\t\t\t\t\t\t\t\t<\/div>\n\t\t\t\t<\/div>\n\t\t\t\t<div class=\"elementor-element elementor-element-d88e3c3 elementor-widget elementor-widget-text-editor\" data-id=\"d88e3c3\" data-element_type=\"widget\" data-e-type=\"widget\" data-widget_type=\"text-editor.default\">\n\t\t\t\t<div class=\"elementor-widget-container\">\n\t\t\t\t\t\t\t\t\t<p>D\u00e9couvrez les paysages pittoresques du sud de la France dans le confort de nos v\u00e9hicules haut de gamme, tout en b\u00e9n\u00e9ficiant d&rsquo;une exp\u00e9rience priv\u00e9e avec des chauffeurs connaissant bien la r\u00e9gion.<\/p>\t\t\t\t\t\t\t\t<\/div>\n\t\t\t\t<\/div>\n\t\t\t\t<\/div>\n\t\t\t\t<\/div>\n\t\t\t\t<div class=\"elementor-element elementor-element-c6beec2 elementor-widget elementor-widget-spacer\" data-id=\"c6beec2\" data-element_type=\"widget\" data-e-type=\"widget\" data-widget_type=\"spacer.default\">\n\t\t\t\t<div class=\"elementor-widget-container\">\n\t\t\t\t\t\t\t<div class=\"elementor-spacer\">\n\t\t\t<div class=\"elementor-spacer-inner\"><\/div>\n\t\t<\/div>\n\t\t\t\t\t\t<\/div>\n\t\t\t\t<\/div>\n\t\t\t\t<div class=\"elementor-element elementor-element-b8b01de elementor-widget elementor-widget-heading\" data-id=\"b8b01de\" data-element_type=\"widget\" data-e-type=\"widget\" data-widget_type=\"heading.default\">\n\t\t\t\t<div class=\"elementor-widget-container\">\n\t\t\t\t\t<h2 class=\"elementor-heading-title elementor-size-default\">Guides Locaux et Chauffeurs Exp\u00e9riment\u00e9s\n<\/h2>\t\t\t\t<\/div>\n\t\t\t\t<\/div>\n\t\t<div class=\"elementor-element elementor-element-16219e0 e-con-full e-flex e-con e-child\" data-id=\"16219e0\" data-element_type=\"container\" data-e-type=\"container\">\n\t\t<div class=\"elementor-element elementor-element-a61ccc0 e-grid e-con-full e-con e-child\" data-id=\"a61ccc0\" data-element_type=\"container\" data-e-type=\"container\">\n\t\t\t\t<div class=\"elementor-element elementor-element-94cf384 elementor-widget elementor-widget-text-editor\" data-id=\"94cf384\" data-element_type=\"widget\" data-e-type=\"widget\" data-widget_type=\"text-editor.default\">\n\t\t\t\t<div class=\"elementor-widget-container\">\n\t\t\t\t\t\t\t\t\t<p>Nos chauffeurs vous offriront des anecdotes et des conseils locaux pour enrichir votre exp\u00e9rience de visite. Ils sauront vous guider vers les meilleurs spots, que ce soit pour un moment d\u00e9tente ou pour des visites incontournables.<\/p>\t\t\t\t\t\t\t\t<\/div>\n\t\t\t\t<\/div>\n\t\t\t\t<div class=\"elementor-element elementor-element-2a6b263 elementor-widget elementor-widget-image\" data-id=\"2a6b263\" data-element_type=\"widget\" data-e-type=\"widget\" data-widget_type=\"image.default\">\n\t\t\t\t<div class=\"elementor-widget-container\">\n\t\t\t\t\t\t\t\t\t\t\t\t\t\t\t<img decoding=\"async\" width=\"1024\" height=\"953\" src=\"https:\/\/ouria.fr\/wp-content\/uploads\/2024\/09\/Guides-Locaux-et-Chauffeurs-Experimentes_-1024x953.png\" class=\"attachment-large size-large wp-image-2367\" alt=\"\" srcset=\"https:\/\/ouria.fr\/wp-content\/uploads\/2024\/09\/Guides-Locaux-et-Chauffeurs-Experimentes_-1024x953.png 1024w, https:\/\/ouria.fr\/wp-content\/uploads\/2024\/09\/Guides-Locaux-et-Chauffeurs-Experimentes_-300x279.png 300w, https:\/\/ouria.fr\/wp-content\/uploads\/2024\/09\/Guides-Locaux-et-Chauffeurs-Experimentes_-768x715.png 768w, https:\/\/ouria.fr\/wp-content\/uploads\/2024\/09\/Guides-Locaux-et-Chauffeurs-Experimentes_-1536x1430.png 1536w, https:\/\/ouria.fr\/wp-content\/uploads\/2024\/09\/Guides-Locaux-et-Chauffeurs-Experimentes_-329x306.png 329w, https:\/\/ouria.fr\/wp-content\/uploads\/2024\/09\/Guides-Locaux-et-Chauffeurs-Experimentes_-572x533.png 572w, https:\/\/ouria.fr\/wp-content\/uploads\/2024\/09\/Guides-Locaux-et-Chauffeurs-Experimentes_.png 2047w\" sizes=\"(max-width: 1024px) 100vw, 1024px\" \/>\t\t\t\t\t\t\t\t\t\t\t\t\t\t\t<\/div>\n\t\t\t\t<\/div>\n\t\t\t\t<\/div>\n\t\t\t\t<\/div>\n\t\t\t\t\t<\/div>\n\t\t\t\t<\/div>\n\t\t\t\t<\/div>\n\t\t<div class=\"elementor-element elementor-element-beea594 e-flex e-con-boxed e-con e-parent\" data-id=\"beea594\" data-element_type=\"container\" data-e-type=\"container\" data-settings=\"{&quot;background_background&quot;:&quot;classic&quot;}\">\n\t\t\t\t\t<div class=\"e-con-inner\">\n\t\t\t\t<div class=\"elementor-element elementor-element-159ef27 elementor-widget-divider--view-line elementor-widget elementor-widget-divider\" data-id=\"159ef27\" data-element_type=\"widget\" data-e-type=\"widget\" data-widget_type=\"divider.default\">\n\t\t\t\t<div class=\"elementor-widget-container\">\n\t\t\t\t\t\t\t<div class=\"elementor-divider\">\n\t\t\t<span class=\"elementor-divider-separator\">\n\t\t\t\t\t\t<\/span>\n\t\t<\/div>\n\t\t\t\t\t\t<\/div>\n\t\t\t\t<\/div>\n\t\t\t\t\t<\/div>\n\t\t\t\t<\/div>\n\t\t\t\t<\/div>\n\t\t","protected":false},"excerpt":{"rendered":"<p>Itin\u00e9raires Personnalis\u00e9s Profitez de circuits sur mesure pour d\u00e9couvrir les merveilles de Marseille et de la r\u00e9gion, des calanques \u00e0 la C\u00f4te d\u2019Azur. Nous vous proposons des trajets adapt\u00e9s \u00e0 vos envies, qu&rsquo;il s&rsquo;agisse de visites culturelles ou de moments de d\u00e9tente en bord de mer. V\u00e9hicules Confortables pour Explorer la R\u00e9gion D\u00e9couvrez les paysages [&hellip;]<\/p>\n","protected":false},"author":1,"featured_media":0,"parent":0,"menu_order":0,"comment_status":"closed","ping_status":"closed","template":"","meta":{"site-sidebar-layout":"no-sidebar","site-content-layout":"page-builder","ast-site-content-layout":"full-width-container","site-content-style":"default","site-sidebar-style":"default","ast-global-header-display":"","ast-banner-title-visibility":"","ast-main-header-display":"","ast-hfb-above-header-display":"","ast-hfb-below-header-display":"","ast-hfb-mobile-header-display":"","site-post-title":"disabled","ast-breadcrumbs-content":"","ast-featured-img":"disabled","footer-sml-layout":"","theme-transparent-header-meta":"","adv-header-id-meta":"","stick-header-meta":"","header-above-stick-meta":"","header-main-stick-meta":"","header-below-stick-meta":"","astra-migrate-meta-layouts":"set","ast-page-background-enabled":"default","ast-page-background-meta":{"desktop":{"background-color":"","background-image":"","background-repeat":"repeat","background-position":"center center","background-size":"auto","background-attachment":"scroll","background-type":"","background-media":"","overlay-type":"","overlay-color":"","overlay-opacity":"","overlay-gradient":""},"tablet":{"background-color":"","background-image":"","background-repeat":"repeat","background-position":"center center","background-size":"auto","background-attachment":"scroll","background-type":"","background-media":"","overlay-type":"","overlay-color":"","overlay-opacity":"","overlay-gradient":""},"mobile":{"background-color":"","background-image":"","background-repeat":"repeat","background-position":"center center","background-size":"auto","background-attachment":"scroll","background-type":"","background-media":"","overlay-type":"","overlay-color":"","overlay-opacity":"","overlay-gradient":""}},"ast-content-background-meta":{"desktop":{"background-color":"var(--ast-global-color-5)","background-image":"","background-repeat":"repeat","background-position":"center center","background-size":"auto","background-attachment":"scroll","background-type":"","background-media":"","overlay-type":"","overlay-color":"","overlay-opacity":"","overlay-gradient":""},"tablet":{"background-color":"var(--ast-global-color-5)","background-image":"","background-repeat":"repeat","background-position":"center center","background-size":"auto","background-attachment":"scroll","background-type":"","background-media":"","overlay-type":"","overlay-color":"","overlay-opacity":"","overlay-gradient":""},"mobile":{"background-color":"var(--ast-global-color-5)","background-image":"","background-repeat":"repeat","background-position":"center center","background-size":"auto","background-attachment":"scroll","background-type":"","background-media":"","overlay-type":"","overlay-color":"","overlay-opacity":"","overlay-gradient":""}},"footnotes":""},"class_list":["post-2063","page","type-page","status-publish","hentry"],"yoast_head":"<!-- This site is optimized with the Yoast SEO plugin v26.8 - https:\/\/yoast.com\/product\/yoast-seo-wordpress\/ -->\n<title>Circuits Touristiques Marseille : Id\u00e9es et Conseils de Visite<\/title>\n<meta name=\"description\" content=\"D\u00e9couvrez nos circuits touristiques \u00e0 Marseille et ses environs : id\u00e9es d&#039;itin\u00e9raires, conseils pratiques et sites incontournables.\" \/>\n<meta name=\"robots\" content=\"index, follow, max-snippet:-1, max-image-preview:large, max-video-preview:-1\" \/>\n<link rel=\"canonical\" href=\"https:\/\/ouria.fr\/index.php\/circuits_touristiques\/\" \/>\n<meta property=\"og:locale\" content=\"fr_FR\" \/>\n<meta property=\"og:type\" content=\"article\" \/>\n<meta property=\"og:title\" content=\"Circuits Touristiques Marseille : Id\u00e9es et Conseils de Visite\" \/>\n<meta property=\"og:description\" content=\"D\u00e9couvrez nos circuits touristiques \u00e0 Marseille et ses environs : id\u00e9es d&#039;itin\u00e9raires, conseils pratiques et sites incontournables.\" \/>\n<meta property=\"og:url\" content=\"https:\/\/ouria.fr\/index.php\/circuits_touristiques\/\" \/>\n<meta property=\"og:site_name\" content=\"Ouria VTC : Votre Chauffeur Priv\u00e9 \u00e0 Marseille et Environs\" \/>\n<meta property=\"article:modified_time\" content=\"2024-12-06T07:14:47+00:00\" \/>\n<meta property=\"og:image\" content=\"https:\/\/ouria.fr\/wp-content\/uploads\/2024\/09\/Itineraires-voiture-Personnalises_-1024x898.png\" \/>\n<meta name=\"twitter:card\" content=\"summary_large_image\" \/>\n<meta name=\"twitter:label1\" content=\"Dur\u00e9e de lecture estim\u00e9e\" \/>\n\t<meta name=\"twitter:data1\" content=\"2 minutes\" \/>\n<script type=\"application\/ld+json\" class=\"yoast-schema-graph\">{\"@context\":\"https:\/\/schema.org\",\"@graph\":[{\"@type\":\"WebPage\",\"@id\":\"https:\/\/ouria.fr\/index.php\/circuits_touristiques\/\",\"url\":\"https:\/\/ouria.fr\/index.php\/circuits_touristiques\/\",\"name\":\"Circuits Touristiques Marseille : Id\u00e9es et Conseils de Visite\",\"isPartOf\":{\"@id\":\"https:\/\/ouria.fr\/#website\"},\"primaryImageOfPage\":{\"@id\":\"https:\/\/ouria.fr\/index.php\/circuits_touristiques\/#primaryimage\"},\"image\":{\"@id\":\"https:\/\/ouria.fr\/index.php\/circuits_touristiques\/#primaryimage\"},\"thumbnailUrl\":\"https:\/\/ouria.fr\/wp-content\/uploads\/2024\/09\/Itineraires-voiture-Personnalises_-1024x898.png\",\"datePublished\":\"2024-09-16T20:39:09+00:00\",\"dateModified\":\"2024-12-06T07:14:47+00:00\",\"description\":\"D\u00e9couvrez nos circuits touristiques \u00e0 Marseille et ses environs : id\u00e9es d'itin\u00e9raires, conseils pratiques et sites incontournables.\",\"breadcrumb\":{\"@id\":\"https:\/\/ouria.fr\/index.php\/circuits_touristiques\/#breadcrumb\"},\"inLanguage\":\"fr-FR\",\"potentialAction\":[{\"@type\":\"ReadAction\",\"target\":[\"https:\/\/ouria.fr\/index.php\/circuits_touristiques\/\"]}]},{\"@type\":\"ImageObject\",\"inLanguage\":\"fr-FR\",\"@id\":\"https:\/\/ouria.fr\/index.php\/circuits_touristiques\/#primaryimage\",\"url\":\"https:\/\/ouria.fr\/wp-content\/uploads\/2024\/09\/Itineraires-voiture-Personnalises_.png\",\"contentUrl\":\"https:\/\/ouria.fr\/wp-content\/uploads\/2024\/09\/Itineraires-voiture-Personnalises_.png\",\"width\":2048,\"height\":1796},{\"@type\":\"BreadcrumbList\",\"@id\":\"https:\/\/ouria.fr\/index.php\/circuits_touristiques\/#breadcrumb\",\"itemListElement\":[{\"@type\":\"ListItem\",\"position\":1,\"name\":\"Accueil\",\"item\":\"https:\/\/ouria.fr\/\"},{\"@type\":\"ListItem\",\"position\":2,\"name\":\"Circuits touristique\"}]},{\"@type\":\"WebSite\",\"@id\":\"https:\/\/ouria.fr\/#website\",\"url\":\"https:\/\/ouria.fr\/\",\"name\":\"OuriaVTC\",\"description\":\"Voyagez avec OuriaVTC \u2013 Confort et \u00e9l\u00e9gance \u00e0 chaque trajet.\",\"publisher\":{\"@id\":\"https:\/\/ouria.fr\/#organization\"},\"potentialAction\":[{\"@type\":\"SearchAction\",\"target\":{\"@type\":\"EntryPoint\",\"urlTemplate\":\"https:\/\/ouria.fr\/?s={search_term_string}\"},\"query-input\":{\"@type\":\"PropertyValueSpecification\",\"valueRequired\":true,\"valueName\":\"search_term_string\"}}],\"inLanguage\":\"fr-FR\"},{\"@type\":\"Organization\",\"@id\":\"https:\/\/ouria.fr\/#organization\",\"name\":\"Ouria VTC\",\"url\":\"https:\/\/ouria.fr\/\",\"logo\":{\"@type\":\"ImageObject\",\"inLanguage\":\"fr-FR\",\"@id\":\"https:\/\/ouria.fr\/#\/schema\/logo\/image\/\",\"url\":\"https:\/\/ouria.fr\/wp-content\/uploads\/2023\/11\/Votre-texte-de-paragraphe.png\",\"contentUrl\":\"https:\/\/ouria.fr\/wp-content\/uploads\/2023\/11\/Votre-texte-de-paragraphe.png\",\"width\":500,\"height\":500,\"caption\":\"Ouria VTC\"},\"image\":{\"@id\":\"https:\/\/ouria.fr\/#\/schema\/logo\/image\/\"}}]}<\/script>\n<!-- \/ Yoast SEO plugin. -->","yoast_head_json":{"title":"Circuits Touristiques Marseille : Id\u00e9es et Conseils de Visite","description":"D\u00e9couvrez nos circuits touristiques \u00e0 Marseille et ses environs : id\u00e9es d'itin\u00e9raires, conseils pratiques et sites incontournables.","robots":{"index":"index","follow":"follow","max-snippet":"max-snippet:-1","max-image-preview":"max-image-preview:large","max-video-preview":"max-video-preview:-1"},"canonical":"https:\/\/ouria.fr\/index.php\/circuits_touristiques\/","og_locale":"fr_FR","og_type":"article","og_title":"Circuits Touristiques Marseille : Id\u00e9es et Conseils de Visite","og_description":"D\u00e9couvrez nos circuits touristiques \u00e0 Marseille et ses environs : id\u00e9es d'itin\u00e9raires, conseils pratiques et sites incontournables.","og_url":"https:\/\/ouria.fr\/index.php\/circuits_touristiques\/","og_site_name":"Ouria VTC : Votre Chauffeur Priv\u00e9 \u00e0 Marseille et Environs","article_modified_time":"2024-12-06T07:14:47+00:00","og_image":[{"url":"https:\/\/ouria.fr\/wp-content\/uploads\/2024\/09\/Itineraires-voiture-Personnalises_-1024x898.png","type":"","width":"","height":""}],"twitter_card":"summary_large_image","twitter_misc":{"Dur\u00e9e de lecture estim\u00e9e":"2 minutes"},"schema":{"@context":"https:\/\/schema.org","@graph":[{"@type":"WebPage","@id":"https:\/\/ouria.fr\/index.php\/circuits_touristiques\/","url":"https:\/\/ouria.fr\/index.php\/circuits_touristiques\/","name":"Circuits Touristiques Marseille : Id\u00e9es et Conseils de Visite","isPartOf":{"@id":"https:\/\/ouria.fr\/#website"},"primaryImageOfPage":{"@id":"https:\/\/ouria.fr\/index.php\/circuits_touristiques\/#primaryimage"},"image":{"@id":"https:\/\/ouria.fr\/index.php\/circuits_touristiques\/#primaryimage"},"thumbnailUrl":"https:\/\/ouria.fr\/wp-content\/uploads\/2024\/09\/Itineraires-voiture-Personnalises_-1024x898.png","datePublished":"2024-09-16T20:39:09+00:00","dateModified":"2024-12-06T07:14:47+00:00","description":"D\u00e9couvrez nos circuits touristiques \u00e0 Marseille et ses environs : id\u00e9es d'itin\u00e9raires, conseils pratiques et sites incontournables.","breadcrumb":{"@id":"https:\/\/ouria.fr\/index.php\/circuits_touristiques\/#breadcrumb"},"inLanguage":"fr-FR","potentialAction":[{"@type":"ReadAction","target":["https:\/\/ouria.fr\/index.php\/circuits_touristiques\/"]}]},{"@type":"ImageObject","inLanguage":"fr-FR","@id":"https:\/\/ouria.fr\/index.php\/circuits_touristiques\/#primaryimage","url":"https:\/\/ouria.fr\/wp-content\/uploads\/2024\/09\/Itineraires-voiture-Personnalises_.png","contentUrl":"https:\/\/ouria.fr\/wp-content\/uploads\/2024\/09\/Itineraires-voiture-Personnalises_.png","width":2048,"height":1796},{"@type":"BreadcrumbList","@id":"https:\/\/ouria.fr\/index.php\/circuits_touristiques\/#breadcrumb","itemListElement":[{"@type":"ListItem","position":1,"name":"Accueil","item":"https:\/\/ouria.fr\/"},{"@type":"ListItem","position":2,"name":"Circuits touristique"}]},{"@type":"WebSite","@id":"https:\/\/ouria.fr\/#website","url":"https:\/\/ouria.fr\/","name":"OuriaVTC","description":"Voyagez avec OuriaVTC \u2013 Confort et \u00e9l\u00e9gance \u00e0 chaque trajet.","publisher":{"@id":"https:\/\/ouria.fr\/#organization"},"potentialAction":[{"@type":"SearchAction","target":{"@type":"EntryPoint","urlTemplate":"https:\/\/ouria.fr\/?s={search_term_string}"},"query-input":{"@type":"PropertyValueSpecification","valueRequired":true,"valueName":"search_term_string"}}],"inLanguage":"fr-FR"},{"@type":"Organization","@id":"https:\/\/ouria.fr\/#organization","name":"Ouria VTC","url":"https:\/\/ouria.fr\/","logo":{"@type":"ImageObject","inLanguage":"fr-FR","@id":"https:\/\/ouria.fr\/#\/schema\/logo\/image\/","url":"https:\/\/ouria.fr\/wp-content\/uploads\/2023\/11\/Votre-texte-de-paragraphe.png","contentUrl":"https:\/\/ouria.fr\/wp-content\/uploads\/2023\/11\/Votre-texte-de-paragraphe.png","width":500,"height":500,"caption":"Ouria VTC"},"image":{"@id":"https:\/\/ouria.fr\/#\/schema\/logo\/image\/"}}]}},"_links":{"self":[{"href":"https:\/\/ouria.fr\/index.php\/wp-json\/wp\/v2\/pages\/2063","targetHints":{"allow":["GET"]}}],"collection":[{"href":"https:\/\/ouria.fr\/index.php\/wp-json\/wp\/v2\/pages"}],"about":[{"href":"https:\/\/ouria.fr\/index.php\/wp-json\/wp\/v2\/types\/page"}],"author":[{"embeddable":true,"href":"https:\/\/ouria.fr\/index.php\/wp-json\/wp\/v2\/users\/1"}],"replies":[{"embeddable":true,"href":"https:\/\/ouria.fr\/index.php\/wp-json\/wp\/v2\/comments?post=2063"}],"version-history":[{"count":21,"href":"https:\/\/ouria.fr\/index.php\/wp-json\/wp\/v2\/pages\/2063\/revisions"}],"predecessor-version":[{"id":2385,"href":"https:\/\/ouria.fr\/index.php\/wp-json\/wp\/v2\/pages\/2063\/revisions\/2385"}],"wp:attachment":[{"href":"https:\/\/ouria.fr\/index.php\/wp-json\/wp\/v2\/media?parent=2063"}],"curies":[{"name":"wp","href":"https:\/\/api.w.org\/{rel}","templated":true}]}}