{"id":3,"date":"2023-11-24T21:11:39","date_gmt":"2023-11-24T20:11:39","guid":{"rendered":"https:\/\/ouria.fr\/?page_id=3"},"modified":"2024-12-06T08:19:58","modified_gmt":"2024-12-06T07:19:58","slug":"mentions-legales","status":"publish","type":"page","link":"https:\/\/ouria.fr\/index.php\/mentions-legales\/","title":{"rendered":"MENTIONS L\u00c9GALES"},"content":{"rendered":"\t\t<div data-elementor-type=\"wp-page\" data-elementor-id=\"3\" class=\"elementor elementor-3\">\n\t\t\t\t<div class=\"elementor-element elementor-element-7f4297ec e-flex e-con-boxed e-con e-parent\" data-id=\"7f4297ec\" data-element_type=\"container\" data-e-type=\"container\">\n\t\t\t\t\t<div class=\"e-con-inner\">\n\t\t\t\t<div class=\"elementor-element elementor-element-49b8405f elementor-widget elementor-widget-text-editor\" data-id=\"49b8405f\" data-element_type=\"widget\" data-e-type=\"widget\" data-widget_type=\"text-editor.default\">\n\t\t\t\t<div class=\"elementor-widget-container\">\n\t\t\t\t\t\t\t\t\t<p><\/p>\n<header>\n<h1 class=\"wp-block-heading\">MENTIONS L\u00c9GALES<\/h1>\n<\/header>\n<div>\n<div data-elementor-type=\"wp-page\" data-elementor-id=\"3\">\n<section data-id=\"3c8a619c\" data-element_type=\"section\">\n<div>\n<div data-id=\"7d6a1f04\" data-element_type=\"column\">\n<div>\n<div data-id=\"5399c49a\" data-element_type=\"widget\" data-widget_type=\"text-editor.default\">\n<div>\n<h3>RESPONSABILIT\u00c9S\u00a0<\/h3>\n<p><strong>HYMAS<\/strong> est une soci\u00e9t\u00e9 permettant des r\u00e9servations de transport de personnes en VTC. Chaque r\u00e9servation sur <b>ouria.fr<\/b>\u00a0implique syst\u00e9matiquement l\u2019acceptation par nos clients des pr\u00e9sentes Conditions G\u00e9n\u00e9rales d\u2019Utilisation. Celles-ci re\u00e7oivent automatiquement application, et ce sans obligation pour\u00a0<span style=\"font-weight: bold;\">ouria.fr<\/span>\u00a0de r\u00e9futer des conditions contraires \u00e9ventuelles. Les r\u00e9servations de services en ligne sur notre site engagent nos clients pour l\u2019ensemble de ces r\u00e8gles.<\/p>\n<h3>R\u00c8GLES DE R\u00c9SERVATION<\/h3>\n<p>Les tarifs forfaitaires sont prioritaires, en effet si un forfait correspond au trajet demand\u00e9, le tarif du forfait pourra \u00eatre appliqu\u00e9 ult\u00e9rieurement.<\/p>\n<h3>RESPONSABILIT\u00c9S DU PASSAGER-CLIENT\u00a0<\/h3>\n<p>Il est interdit de fumer ou de transporter des animaux (hors arrangements pr\u00e9alables), des substances explosives, corrosives, dangereuses, toxiques ou inflammables \u00e0 l\u2019int\u00e9rieur des v\u00e9hicules de nos chauffeurs. La responsabilit\u00e9 du passager-client sera engag\u00e9e en cas de non-respect de ces r\u00e8gles, et\u00a0<strong>OURIA<\/strong><strong>\u00a0<\/strong>se r\u00e9servera l\u2019\u00e9ventualit\u00e9 de tout recours appropri\u00e9.\u00a0<\/p>\n<p>L\u2019ensemble des retards sur les d\u00e9lais de transports dus \u00e0 des probl\u00e8mes de circulation non pr\u00e9visibles n\u2019entra\u00eeneront aucun droit \u00e0 indemnit\u00e9s, quels qu\u2019ils soient. <b>OURIA\u00a0<\/b>se r\u00e9serve d\u2019autre part le droit de sous-traiter toutes prestations de transports priv\u00e9s aupr\u00e8s de chauffeurs s\u00e9lectionn\u00e9s par ses soins.\u00a0<\/p>\n<h3>ASSURANCES\u00a0<\/h3>\n<p><b>OURIA\u00a0<\/b>s\u2019engage \u00e0 tout mettre en \u0153uvre pour accompagner ses passagers dans les meilleures conditions de s\u00e9curit\u00e9 et les meilleurs d\u00e9lais vers leur destination. Ainsi, l\u2019ensemble de nos chauffeurs partenaires poss\u00e8dent les garanties de compagnies d\u2019assurance notoirement solvables, couvrant la totalit\u00e9 des risques relatifs \u00e0 leur activit\u00e9, et ce en conformit\u00e9 avec les l\u00e9gislations en vigueur.\u00a0<\/p>\n<h3>COMP\u00c9TENCES<\/h3>\n<p>Ces Conditions G\u00e9n\u00e9rales d\u2019Utilisation sont r\u00e9gies par la loi fran\u00e7aise, et tous litiges relatifs \u00e0 leur interpr\u00e9tation ou \u00e0 leur ex\u00e9cution seront soumis au Tribunal de Commerce.<\/p>\n<p>1.1. Les pr\u00e9sentes mentions l\u00e9gales sont propos\u00e9es par OURIA (ci-apr\u00e8s la \u00ab Soci\u00e9t\u00e9 \u00bb) inscrite sous le num\u00e9ro\u00a0<\/p>\n89276782300016 , dont le si\u00e8ge social est\u00a07 r Edouard Pons, 13006 MARSEILLE 06\u00a0L\u2019adresse de courrier \u00e9lectronique de la Soci\u00e9t\u00e9 est contact@ouria.fr\n<p>1.2. La Soci\u00e9t\u00e9 est propri\u00e9taire et \u00e9diteur du site internet www.ouria.fr (ci-apr\u00e8s le \u00ab Site \u00bb). Le Site est h\u00e9berg\u00e9 par Hostinger International, Ltd est un fournisseur d\u2019h\u00e9bergement Web et un registraire de domaine Internet appartenant \u00e0 ses employ\u00e9s, cr\u00e9\u00e9 en 2004.[4] Hostinger est la soci\u00e9t\u00e9 m\u00e8re de 000webhost, Hosting24, Zyro, Niagahoster et Weblink.<\/p>\n<p>1.3. Le directeur de la publication est Monsieur ATMANI.<\/p>\n<\/div>\n<\/div>\n<\/div>\n<\/div>\n<\/div>\n<\/section>\n<\/div>\n<\/div>\n<p><\/p>\t\t\t\t\t\t\t\t<\/div>\n\t\t\t\t<\/div>\n\t\t\t\t\t<\/div>\n\t\t\t\t<\/div>\n\t\t\t\t<\/div>\n\t\t","protected":false},"excerpt":{"rendered":"<p>MENTIONS L\u00c9GALES RESPONSABILIT\u00c9S\u00a0 HYMAS est une soci\u00e9t\u00e9 permettant des r\u00e9servations de transport de personnes en VTC. Chaque r\u00e9servation sur ouria.fr\u00a0implique syst\u00e9matiquement l\u2019acceptation par nos clients des pr\u00e9sentes Conditions G\u00e9n\u00e9rales d\u2019Utilisation. Celles-ci re\u00e7oivent automatiquement application, et ce sans obligation pour\u00a0ouria.fr\u00a0de r\u00e9futer des conditions contraires \u00e9ventuelles. Les r\u00e9servations de services en ligne sur notre site engagent nos [&hellip;]<\/p>\n","protected":false},"author":1,"featured_media":0,"parent":0,"menu_order":0,"comment_status":"closed","ping_status":"closed","template":"","meta":{"site-sidebar-layout":"default","site-content-layout":"","ast-site-content-layout":"default","site-content-style":"default","site-sidebar-style":"default","ast-global-header-display":"","ast-banner-title-visibility":"","ast-main-header-display":"","ast-hfb-above-header-display":"","ast-hfb-below-header-display":"","ast-hfb-mobile-header-display":"","site-post-title":"","ast-breadcrumbs-content":"","ast-featured-img":"","footer-sml-layout":"","theme-transparent-header-meta":"","adv-header-id-meta":"","stick-header-meta":"","header-above-stick-meta":"","header-main-stick-meta":"","header-below-stick-meta":"","astra-migrate-meta-layouts":"set","ast-page-background-enabled":"default","ast-page-background-meta":{"desktop":{"background-color":"","background-image":"","background-repeat":"repeat","background-position":"center center","background-size":"auto","background-attachment":"scroll","background-type":"","background-media":"","overlay-type":"","overlay-color":"","overlay-opacity":"","overlay-gradient":""},"tablet":{"background-color":"","background-image":"","background-repeat":"repeat","background-position":"center center","background-size":"auto","background-attachment":"scroll","background-type":"","background-media":"","overlay-type":"","overlay-color":"","overlay-opacity":"","overlay-gradient":""},"mobile":{"background-color":"","background-image":"","background-repeat":"repeat","background-position":"center center","background-size":"auto","background-attachment":"scroll","background-type":"","background-media":"","overlay-type":"","overlay-color":"","overlay-opacity":"","overlay-gradient":""}},"ast-content-background-meta":{"desktop":{"background-color":"var(--ast-global-color-5)","background-image":"","background-repeat":"repeat","background-position":"center center","background-size":"auto","background-attachment":"scroll","background-type":"","background-media":"","overlay-type":"","overlay-color":"","overlay-opacity":"","overlay-gradient":""},"tablet":{"background-color":"var(--ast-global-color-5)","background-image":"","background-repeat":"repeat","background-position":"center center","background-size":"auto","background-attachment":"scroll","background-type":"","background-media":"","overlay-type":"","overlay-color":"","overlay-opacity":"","overlay-gradient":""},"mobile":{"background-color":"var(--ast-global-color-5)","background-image":"","background-repeat":"repeat","background-position":"center center","background-size":"auto","background-attachment":"scroll","background-type":"","background-media":"","overlay-type":"","overlay-color":"","overlay-opacity":"","overlay-gradient":""}},"footnotes":""},"class_list":["post-3","page","type-page","status-publish","hentry"],"yoast_head":"<!-- This site is optimized with the Yoast SEO plugin v26.8 - https:\/\/yoast.com\/product\/yoast-seo-wordpress\/ -->\n<title>Mentions L\u00e9gales - OuriaVTC<\/title>\n<meta name=\"description\" content=\"Consultez les mentions l\u00e9gales de OuriaVTC : informations l\u00e9gales, coordonn\u00e9es et obligations conform\u00e9ment \u00e0 la r\u00e9glementation en vigueur\" \/>\n<meta name=\"robots\" content=\"index, follow, max-snippet:-1, max-image-preview:large, max-video-preview:-1\" \/>\n<link rel=\"canonical\" href=\"https:\/\/ouria.fr\/index.php\/mentions-legales\/\" \/>\n<meta property=\"og:locale\" content=\"fr_FR\" \/>\n<meta property=\"og:type\" content=\"article\" \/>\n<meta property=\"og:title\" content=\"Mentions L\u00e9gales - OuriaVTC\" \/>\n<meta property=\"og:description\" content=\"Consultez les mentions l\u00e9gales de OuriaVTC : informations l\u00e9gales, coordonn\u00e9es et obligations conform\u00e9ment \u00e0 la r\u00e9glementation en vigueur\" \/>\n<meta property=\"og:url\" content=\"https:\/\/ouria.fr\/index.php\/mentions-legales\/\" \/>\n<meta property=\"og:site_name\" content=\"Ouria VTC : Votre Chauffeur Priv\u00e9 \u00e0 Marseille et Environs\" \/>\n<meta property=\"article:modified_time\" content=\"2024-12-06T07:19:58+00:00\" \/>\n<meta name=\"twitter:card\" content=\"summary_large_image\" \/>\n<meta name=\"twitter:label1\" content=\"Dur\u00e9e de lecture estim\u00e9e\" \/>\n\t<meta name=\"twitter:data1\" content=\"2 minutes\" \/>\n<script type=\"application\/ld+json\" class=\"yoast-schema-graph\">{\"@context\":\"https:\/\/schema.org\",\"@graph\":[{\"@type\":\"WebPage\",\"@id\":\"https:\/\/ouria.fr\/index.php\/mentions-legales\/\",\"url\":\"https:\/\/ouria.fr\/index.php\/mentions-legales\/\",\"name\":\"Mentions L\u00e9gales - OuriaVTC\",\"isPartOf\":{\"@id\":\"https:\/\/ouria.fr\/#website\"},\"datePublished\":\"2023-11-24T20:11:39+00:00\",\"dateModified\":\"2024-12-06T07:19:58+00:00\",\"description\":\"Consultez les mentions l\u00e9gales de OuriaVTC : informations l\u00e9gales, coordonn\u00e9es et obligations conform\u00e9ment \u00e0 la r\u00e9glementation en vigueur\",\"breadcrumb\":{\"@id\":\"https:\/\/ouria.fr\/index.php\/mentions-legales\/#breadcrumb\"},\"inLanguage\":\"fr-FR\",\"potentialAction\":[{\"@type\":\"ReadAction\",\"target\":[\"https:\/\/ouria.fr\/index.php\/mentions-legales\/\"]}]},{\"@type\":\"BreadcrumbList\",\"@id\":\"https:\/\/ouria.fr\/index.php\/mentions-legales\/#breadcrumb\",\"itemListElement\":[{\"@type\":\"ListItem\",\"position\":1,\"name\":\"Accueil\",\"item\":\"https:\/\/ouria.fr\/\"},{\"@type\":\"ListItem\",\"position\":2,\"name\":\"MENTIONS L\u00c9GALES\"}]},{\"@type\":\"WebSite\",\"@id\":\"https:\/\/ouria.fr\/#website\",\"url\":\"https:\/\/ouria.fr\/\",\"name\":\"OuriaVTC\",\"description\":\"Voyagez avec OuriaVTC \u2013 Confort et \u00e9l\u00e9gance \u00e0 chaque trajet.\",\"publisher\":{\"@id\":\"https:\/\/ouria.fr\/#organization\"},\"potentialAction\":[{\"@type\":\"SearchAction\",\"target\":{\"@type\":\"EntryPoint\",\"urlTemplate\":\"https:\/\/ouria.fr\/?s={search_term_string}\"},\"query-input\":{\"@type\":\"PropertyValueSpecification\",\"valueRequired\":true,\"valueName\":\"search_term_string\"}}],\"inLanguage\":\"fr-FR\"},{\"@type\":\"Organization\",\"@id\":\"https:\/\/ouria.fr\/#organization\",\"name\":\"Ouria VTC\",\"url\":\"https:\/\/ouria.fr\/\",\"logo\":{\"@type\":\"ImageObject\",\"inLanguage\":\"fr-FR\",\"@id\":\"https:\/\/ouria.fr\/#\/schema\/logo\/image\/\",\"url\":\"https:\/\/ouria.fr\/wp-content\/uploads\/2023\/11\/Votre-texte-de-paragraphe.png\",\"contentUrl\":\"https:\/\/ouria.fr\/wp-content\/uploads\/2023\/11\/Votre-texte-de-paragraphe.png\",\"width\":500,\"height\":500,\"caption\":\"Ouria VTC\"},\"image\":{\"@id\":\"https:\/\/ouria.fr\/#\/schema\/logo\/image\/\"}}]}<\/script>\n<!-- \/ Yoast SEO plugin. -->","yoast_head_json":{"title":"Mentions L\u00e9gales - OuriaVTC","description":"Consultez les mentions l\u00e9gales de OuriaVTC : informations l\u00e9gales, coordonn\u00e9es et obligations conform\u00e9ment \u00e0 la r\u00e9glementation en vigueur","robots":{"index":"index","follow":"follow","max-snippet":"max-snippet:-1","max-image-preview":"max-image-preview:large","max-video-preview":"max-video-preview:-1"},"canonical":"https:\/\/ouria.fr\/index.php\/mentions-legales\/","og_locale":"fr_FR","og_type":"article","og_title":"Mentions L\u00e9gales - OuriaVTC","og_description":"Consultez les mentions l\u00e9gales de OuriaVTC : informations l\u00e9gales, coordonn\u00e9es et obligations conform\u00e9ment \u00e0 la r\u00e9glementation en vigueur","og_url":"https:\/\/ouria.fr\/index.php\/mentions-legales\/","og_site_name":"Ouria VTC : Votre Chauffeur Priv\u00e9 \u00e0 Marseille et Environs","article_modified_time":"2024-12-06T07:19:58+00:00","twitter_card":"summary_large_image","twitter_misc":{"Dur\u00e9e de lecture estim\u00e9e":"2 minutes"},"schema":{"@context":"https:\/\/schema.org","@graph":[{"@type":"WebPage","@id":"https:\/\/ouria.fr\/index.php\/mentions-legales\/","url":"https:\/\/ouria.fr\/index.php\/mentions-legales\/","name":"Mentions L\u00e9gales - OuriaVTC","isPartOf":{"@id":"https:\/\/ouria.fr\/#website"},"datePublished":"2023-11-24T20:11:39+00:00","dateModified":"2024-12-06T07:19:58+00:00","description":"Consultez les mentions l\u00e9gales de OuriaVTC : informations l\u00e9gales, coordonn\u00e9es et obligations conform\u00e9ment \u00e0 la r\u00e9glementation en vigueur","breadcrumb":{"@id":"https:\/\/ouria.fr\/index.php\/mentions-legales\/#breadcrumb"},"inLanguage":"fr-FR","potentialAction":[{"@type":"ReadAction","target":["https:\/\/ouria.fr\/index.php\/mentions-legales\/"]}]},{"@type":"BreadcrumbList","@id":"https:\/\/ouria.fr\/index.php\/mentions-legales\/#breadcrumb","itemListElement":[{"@type":"ListItem","position":1,"name":"Accueil","item":"https:\/\/ouria.fr\/"},{"@type":"ListItem","position":2,"name":"MENTIONS L\u00c9GALES"}]},{"@type":"WebSite","@id":"https:\/\/ouria.fr\/#website","url":"https:\/\/ouria.fr\/","name":"OuriaVTC","description":"Voyagez avec OuriaVTC \u2013 Confort et \u00e9l\u00e9gance \u00e0 chaque trajet.","publisher":{"@id":"https:\/\/ouria.fr\/#organization"},"potentialAction":[{"@type":"SearchAction","target":{"@type":"EntryPoint","urlTemplate":"https:\/\/ouria.fr\/?s={search_term_string}"},"query-input":{"@type":"PropertyValueSpecification","valueRequired":true,"valueName":"search_term_string"}}],"inLanguage":"fr-FR"},{"@type":"Organization","@id":"https:\/\/ouria.fr\/#organization","name":"Ouria VTC","url":"https:\/\/ouria.fr\/","logo":{"@type":"ImageObject","inLanguage":"fr-FR","@id":"https:\/\/ouria.fr\/#\/schema\/logo\/image\/","url":"https:\/\/ouria.fr\/wp-content\/uploads\/2023\/11\/Votre-texte-de-paragraphe.png","contentUrl":"https:\/\/ouria.fr\/wp-content\/uploads\/2023\/11\/Votre-texte-de-paragraphe.png","width":500,"height":500,"caption":"Ouria VTC"},"image":{"@id":"https:\/\/ouria.fr\/#\/schema\/logo\/image\/"}}]}},"_links":{"self":[{"href":"https:\/\/ouria.fr\/index.php\/wp-json\/wp\/v2\/pages\/3","targetHints":{"allow":["GET"]}}],"collection":[{"href":"https:\/\/ouria.fr\/index.php\/wp-json\/wp\/v2\/pages"}],"about":[{"href":"https:\/\/ouria.fr\/index.php\/wp-json\/wp\/v2\/types\/page"}],"author":[{"embeddable":true,"href":"https:\/\/ouria.fr\/index.php\/wp-json\/wp\/v2\/users\/1"}],"replies":[{"embeddable":true,"href":"https:\/\/ouria.fr\/index.php\/wp-json\/wp\/v2\/comments?post=3"}],"version-history":[{"count":4,"href":"https:\/\/ouria.fr\/index.php\/wp-json\/wp\/v2\/pages\/3\/revisions"}],"predecessor-version":[{"id":2882,"href":"https:\/\/ouria.fr\/index.php\/wp-json\/wp\/v2\/pages\/3\/revisions\/2882"}],"wp:attachment":[{"href":"https:\/\/ouria.fr\/index.php\/wp-json\/wp\/v2\/media?parent=3"}],"curies":[{"name":"wp","href":"https:\/\/api.w.org\/{rel}","templated":true}]}}